{"id":3960,"date":"2023-03-22T18:27:25","date_gmt":"2023-03-22T23:27:25","guid":{"rendered":"https:\/\/www.saca-seem.org\/?page_id=3960"},"modified":"2023-04-10T13:13:02","modified_gmt":"2023-04-10T18:13:02","slug":"forest-concessions-indigenous-reserves","status":"publish","type":"page","link":"https:\/\/www.sacaseem.org\/en\/forest-concessions-indigenous-reserves\/","title":{"rendered":"Forest Concessions in Indigenous Reserves"},"content":{"rendered":"<p><div class=\"fusion-fullwidth fullwidth-box fusion-builder-row-1 nonhundred-percent-fullwidth non-hundred-percent-height-scrolling\" style=\"--awb-border-radius-top-left:0px;--awb-border-radius-top-right:0px;--awb-border-radius-bottom-right:0px;--awb-border-radius-bottom-left:0px;--awb-padding-top:40px;--awb-padding-bottom:30px;--awb-flex-wrap:wrap;\" ><div class=\"fusion-builder-row fusion-row\"><div class=\"fusion-layout-column fusion_builder_column fusion-builder-column-0 fusion_builder_column_1_1 1_1 fusion-one-full fusion-column-first fusion-column-last\" style=\"--awb-bg-blend:overlay;--awb-bg-size:cover;\"><div class=\"fusion-column-wrapper fusion-flex-column-wrapper-legacy\"><div class=\"fusion-text fusion-text-1\"><h2 class=\"\" style=\"--fontsize: 32; line-height: 1.03;\" data-fontsize=\"32\" data-lineheight=\"32.96px\"><\/h2>\n<h2 class=\"\" style=\"text-align: center; --fontsize: 32; line-height: 1.03;\" data-fontsize=\"32\" data-lineheight=\"32.96px\">Forest Concessions in Indigenous Reserves<\/h2>\n<\/div><div class=\"fusion-clearfix\"><\/div><\/div><\/div><\/div><\/div><div class=\"fusion-fullwidth fullwidth-box fusion-builder-row-2 enlaces-azul nonhundred-percent-fullwidth non-hundred-percent-height-scrolling\" style=\"--awb-border-sizes-top:0px;--awb-border-sizes-bottom:0px;--awb-border-sizes-left:0px;--awb-border-sizes-right:0px;--awb-border-color:#dddddd;--awb-border-radius-top-left:0px;--awb-border-radius-top-right:0px;--awb-border-radius-bottom-right:0px;--awb-border-radius-bottom-left:0px;--awb-padding-top:55px;--awb-padding-bottom:35px;--awb-flex-wrap:wrap;\" ><div class=\"fusion-builder-row fusion-row\"><div class=\"fusion-layout-column fusion_builder_column fusion-builder-column-1 fusion_builder_column_1_2 1_2 fusion-one-half fusion-column-first\" style=\"--awb-bg-blend:overlay;--awb-bg-size:cover;width:50%;width:calc(50% - ( ( 4% ) * 0.5 ) );margin-right: 4%;\"><div class=\"fusion-column-wrapper fusion-flex-column-wrapper-legacy\"><div class=\"fusion-text fusion-text-2\"><div class=\"fusion-layout-column fusion_builder_column fusion-builder-column-6 fusion_builder_column_1_1 1_1 fusion-one-full fusion-column-first fusion-column-last\">\n<div class=\"fusion-column-wrapper fusion-flex-column-wrapper-legacy\">\n<div class=\"fusion-text fusion-text-2\"><\/div>\n<div class=\"fusion-clearfix\">The Submitters allege that Peru has not effectively enforced environmental legislation due to the illegal granting of forty-seven (47) forest concessions in the Indigenous Reserve Yavar\u00ed Tapiche and in the requested Indigenous Reserve Yavar\u00ed Mirim, in contravention of the express prohibition established in the Forest and Wildlife Law (Law No. 29763) and its Regulations.<\/div>\n<\/div>\n<\/div>\n<div class=\"fusion-layout-column fusion_builder_column fusion-builder-column-7 fusion_builder_column_1_2 1_2 fusion-one-half fusion-column-first\">\n<div class=\"fusion-column-wrapper fusion-flex-column-wrapper-legacy\">\n<div class=\"fusion-text fusion-text-3\"><\/div>\n<\/div>\n<\/div>\n<div class=\"fusion-layout-column fusion_builder_column fusion-builder-column-8 fusion_builder_column_1_2 1_2 fusion-one-half fusion-column-last\">\n<div class=\"fusion-column-wrapper fusion-flex-column-wrapper-legacy\">\n<div class=\"fusion-text fusion-text-4\"><\/div>\n<\/div>\n<\/div>\n<\/div><div class=\"fusion-clearfix\"><\/div><\/div><\/div><div class=\"fusion-layout-column fusion_builder_column fusion-builder-column-2 fusion_builder_column_1_2 1_2 fusion-one-half fusion-column-last\" style=\"--awb-bg-blend:overlay;--awb-bg-size:cover;width:50%;width:calc(50% - ( ( 4% ) * 0.5 ) );\"><div class=\"fusion-column-wrapper fusion-flex-column-wrapper-legacy\"><div class=\"fusion-text fusion-text-3\"><p><strong>State:<\/strong>\u00a0Open<br \/>\n<strong>Party:<\/strong>\u00a0Peru<br \/>\n<strong>Submitters:<\/strong>\u00a0AIDESEP<br \/>\n<strong>Last update:<\/strong>\u00a0March 14, 2023<\/p>\n<\/div><div class=\"fusion-text fusion-text-4\"><p><a href=\"https:\/\/www.sacaseem.org\/wp-content\/uploads\/2023\/03\/Solicitud-AIDESEP-Concesiones-Forestales-en-Reservas-Indigenas.pdf\" target=\"_blank\" rel=\"noopener noreferrer\">Submission SACA-SEEM\/PE\/002\/2023<\/a><br \/>\nAuthor: Submitters<br \/>\nDate: March 10, 2023<\/p>\n<\/div><div class=\"fusion-text fusion-text-5\"><p><a href=\"https:\/\/www.sacaseem.org\/wp-content\/uploads\/2023\/03\/acuse-de-recibo-eng-13.03.23.pdf\">Acknowledgment of Receipt<\/a><br \/>\nAuthor: Secretariat<br \/>\nDate: March 13, 2023<\/p>\n<\/div><div class=\"fusion-text fusion-text-6\"><p><a href=\"https:\/\/www.sacaseem.org\/wp-content\/uploads\/2023\/04\/Determinacion-18.8-1-y-2-SACA-SEEMPE0022023D1-CONCESIONES-FORESTALES_Eng.pdf\">Determination\u00a0SACA-SEEM\/PE\/002\/2023\/D1<\/a><br \/>\nAuthor: Secretariat<br \/>\nDate: April 10, 2023<\/p>\n<\/div><div class=\"fusion-clearfix\"><\/div><\/div><\/div><\/div><\/div><div class=\"fusion-fullwidth fullwidth-box fusion-builder-row-3 nonhundred-percent-fullwidth non-hundred-percent-height-scrolling\" style=\"--awb-border-radius-top-left:0px;--awb-border-radius-top-right:0px;--awb-border-radius-bottom-right:0px;--awb-border-radius-bottom-left:0px;--awb-flex-wrap:wrap;\" ><div class=\"fusion-builder-row fusion-row\"><div class=\"fusion-layout-column fusion_builder_column fusion-builder-column-3 fusion_builder_column_1_1 1_1 fusion-one-full fusion-column-first fusion-column-last\" style=\"--awb-bg-blend:overlay;--awb-bg-size:cover;\"><div class=\"fusion-column-wrapper fusion-flex-column-wrapper-legacy\"><div class=\"fusion-sep-clear\"><\/div><div class=\"fusion-separator fusion-full-width-sep\" style=\"margin-left: auto;margin-right: auto;margin-top:10px;margin-bottom:10px;width:100%;\"><div class=\"fusion-separator-border sep-single sep-solid\" style=\"--awb-height:20px;--awb-amount:20px;--awb-sep-color:#282724;border-color:#282724;border-top-width:2px;\"><\/div><\/div><div class=\"fusion-sep-clear\"><\/div><div class=\"fusion-clearfix\"><\/div><\/div><\/div><\/div><\/div><\/p>\n","protected":false},"excerpt":{"rendered":"","protected":false},"author":8,"featured_media":0,"parent":0,"menu_order":0,"comment_status":"closed","ping_status":"closed","template":"100-width.php","meta":{"_acf_changed":false,"footnotes":""},"class_list":["post-3960","page","type-page","status-publish","hentry"],"acf":[],"yoast_head":"<!-- This site is optimized with the Yoast SEO plugin v27.6 - https:\/\/yoast.com\/product\/yoast-seo-wordpress\/ -->\n<title>Forest Concessions in Indigenous Reserves - Saca Seem<\/title>\n<meta name=\"robots\" content=\"index, follow, max-snippet:-1, max-image-preview:large, max-video-preview:-1\" \/>\n<link rel=\"canonical\" href=\"https:\/\/www.sacaseem.org\/en\/forest-concessions-indigenous-reserves\/\" \/>\n<meta property=\"og:locale\" content=\"en_US\" \/>\n<meta property=\"og:type\" content=\"article\" \/>\n<meta property=\"og:title\" content=\"Forest Concessions in Indigenous Reserves - Saca Seem\" \/>\n<meta property=\"og:url\" content=\"https:\/\/www.sacaseem.org\/en\/forest-concessions-indigenous-reserves\/\" \/>\n<meta property=\"og:site_name\" content=\"Saca Seem\" \/>\n<meta property=\"article:modified_time\" content=\"2023-04-10T18:13:02+00:00\" \/>\n<meta name=\"twitter:card\" content=\"summary_large_image\" \/>\n<meta name=\"twitter:label1\" content=\"Est. reading time\" \/>\n\t<meta name=\"twitter:data1\" content=\"3 minutes\" \/>\n<script type=\"application\/ld+json\" class=\"yoast-schema-graph\">{\"@context\":\"https:\\\/\\\/schema.org\",\"@graph\":[{\"@type\":\"WebPage\",\"@id\":\"https:\\\/\\\/www.sacaseem.org\\\/en\\\/forest-concessions-indigenous-reserves\\\/\",\"url\":\"https:\\\/\\\/www.sacaseem.org\\\/en\\\/forest-concessions-indigenous-reserves\\\/\",\"name\":\"Forest Concessions in Indigenous Reserves - Saca Seem\",\"isPartOf\":{\"@id\":\"https:\\\/\\\/www.sacaseem.org\\\/#website\"},\"datePublished\":\"2023-03-22T23:27:25+00:00\",\"dateModified\":\"2023-04-10T18:13:02+00:00\",\"breadcrumb\":{\"@id\":\"https:\\\/\\\/www.sacaseem.org\\\/en\\\/forest-concessions-indigenous-reserves\\\/#breadcrumb\"},\"inLanguage\":\"en-US\",\"potentialAction\":[{\"@type\":\"ReadAction\",\"target\":[\"https:\\\/\\\/www.sacaseem.org\\\/en\\\/forest-concessions-indigenous-reserves\\\/\"]}]},{\"@type\":\"BreadcrumbList\",\"@id\":\"https:\\\/\\\/www.sacaseem.org\\\/en\\\/forest-concessions-indigenous-reserves\\\/#breadcrumb\",\"itemListElement\":[{\"@type\":\"ListItem\",\"position\":1,\"name\":\"Portada\",\"item\":\"https:\\\/\\\/www.sacaseem.org\\\/\"},{\"@type\":\"ListItem\",\"position\":2,\"name\":\"Forest Concessions in Indigenous Reserves\"}]},{\"@type\":\"WebSite\",\"@id\":\"https:\\\/\\\/www.sacaseem.org\\\/#website\",\"url\":\"https:\\\/\\\/www.sacaseem.org\\\/\",\"name\":\"Saca Seem\",\"description\":\"Secretar\u00eda para las Solicitudes sobre Asuntos de Cumplimiento Ambiental del Acuerdo de Promoci\u00f3n Comercial Per\u00fa - Estados Unidos.\",\"potentialAction\":[{\"@type\":\"SearchAction\",\"target\":{\"@type\":\"EntryPoint\",\"urlTemplate\":\"https:\\\/\\\/www.sacaseem.org\\\/?s={search_term_string}\"},\"query-input\":{\"@type\":\"PropertyValueSpecification\",\"valueRequired\":true,\"valueName\":\"search_term_string\"}}],\"inLanguage\":\"en-US\"}]}<\/script>\n<!-- \/ Yoast SEO plugin. -->","yoast_head_json":{"title":"Forest Concessions in Indigenous Reserves - Saca Seem","robots":{"index":"index","follow":"follow","max-snippet":"max-snippet:-1","max-image-preview":"max-image-preview:large","max-video-preview":"max-video-preview:-1"},"canonical":"https:\/\/www.sacaseem.org\/en\/forest-concessions-indigenous-reserves\/","og_locale":"en_US","og_type":"article","og_title":"Forest Concessions in Indigenous Reserves - Saca Seem","og_url":"https:\/\/www.sacaseem.org\/en\/forest-concessions-indigenous-reserves\/","og_site_name":"Saca Seem","article_modified_time":"2023-04-10T18:13:02+00:00","twitter_card":"summary_large_image","twitter_misc":{"Est. reading time":"3 minutes"},"schema":{"@context":"https:\/\/schema.org","@graph":[{"@type":"WebPage","@id":"https:\/\/www.sacaseem.org\/en\/forest-concessions-indigenous-reserves\/","url":"https:\/\/www.sacaseem.org\/en\/forest-concessions-indigenous-reserves\/","name":"Forest Concessions in Indigenous Reserves - Saca Seem","isPartOf":{"@id":"https:\/\/www.sacaseem.org\/#website"},"datePublished":"2023-03-22T23:27:25+00:00","dateModified":"2023-04-10T18:13:02+00:00","breadcrumb":{"@id":"https:\/\/www.sacaseem.org\/en\/forest-concessions-indigenous-reserves\/#breadcrumb"},"inLanguage":"en-US","potentialAction":[{"@type":"ReadAction","target":["https:\/\/www.sacaseem.org\/en\/forest-concessions-indigenous-reserves\/"]}]},{"@type":"BreadcrumbList","@id":"https:\/\/www.sacaseem.org\/en\/forest-concessions-indigenous-reserves\/#breadcrumb","itemListElement":[{"@type":"ListItem","position":1,"name":"Portada","item":"https:\/\/www.sacaseem.org\/"},{"@type":"ListItem","position":2,"name":"Forest Concessions in Indigenous Reserves"}]},{"@type":"WebSite","@id":"https:\/\/www.sacaseem.org\/#website","url":"https:\/\/www.sacaseem.org\/","name":"Saca Seem","description":"Secretar\u00eda para las Solicitudes sobre Asuntos de Cumplimiento Ambiental del Acuerdo de Promoci\u00f3n Comercial Per\u00fa - Estados Unidos.","potentialAction":[{"@type":"SearchAction","target":{"@type":"EntryPoint","urlTemplate":"https:\/\/www.sacaseem.org\/?s={search_term_string}"},"query-input":{"@type":"PropertyValueSpecification","valueRequired":true,"valueName":"search_term_string"}}],"inLanguage":"en-US"}]}},"jetpack_sharing_enabled":true,"_links":{"self":[{"href":"https:\/\/www.sacaseem.org\/en\/wp-json\/wp\/v2\/pages\/3960","targetHints":{"allow":["GET"]}}],"collection":[{"href":"https:\/\/www.sacaseem.org\/en\/wp-json\/wp\/v2\/pages"}],"about":[{"href":"https:\/\/www.sacaseem.org\/en\/wp-json\/wp\/v2\/types\/page"}],"author":[{"embeddable":true,"href":"https:\/\/www.sacaseem.org\/en\/wp-json\/wp\/v2\/users\/8"}],"replies":[{"embeddable":true,"href":"https:\/\/www.sacaseem.org\/en\/wp-json\/wp\/v2\/comments?post=3960"}],"version-history":[{"count":4,"href":"https:\/\/www.sacaseem.org\/en\/wp-json\/wp\/v2\/pages\/3960\/revisions"}],"predecessor-version":[{"id":4027,"href":"https:\/\/www.sacaseem.org\/en\/wp-json\/wp\/v2\/pages\/3960\/revisions\/4027"}],"wp:attachment":[{"href":"https:\/\/www.sacaseem.org\/en\/wp-json\/wp\/v2\/media?parent=3960"}],"curies":[{"name":"wp","href":"https:\/\/api.w.org\/{rel}","templated":true}]}}