{"id":3705,"date":"2023-01-18T20:49:49","date_gmt":"2023-01-19T01:49:49","guid":{"rendered":"https:\/\/www.saca-seem.org\/?page_id=3705"},"modified":"2023-04-05T13:43:14","modified_gmt":"2023-04-05T18:43:14","slug":"environmental-management-regulation-of-the-agriculture-sector-2","status":"publish","type":"page","link":"https:\/\/www.sacaseem.org\/en\/environmental-management-regulation-of-the-agriculture-sector-2\/","title":{"rendered":"Environmental Management Regulation of the Agriculture Sector"},"content":{"rendered":"<p><div class=\"fusion-fullwidth fullwidth-box fusion-builder-row-1 nonhundred-percent-fullwidth non-hundred-percent-height-scrolling\" style=\"--awb-border-radius-top-left:0px;--awb-border-radius-top-right:0px;--awb-border-radius-bottom-right:0px;--awb-border-radius-bottom-left:0px;--awb-padding-top:40px;--awb-padding-bottom:30px;--awb-flex-wrap:wrap;\" ><div class=\"fusion-builder-row fusion-row\"><div class=\"fusion-layout-column fusion_builder_column fusion-builder-column-0 fusion_builder_column_1_1 1_1 fusion-one-full fusion-column-first fusion-column-last\" style=\"--awb-bg-blend:overlay;--awb-bg-size:cover;\"><div class=\"fusion-column-wrapper fusion-flex-column-wrapper-legacy\"><div class=\"fusion-text fusion-text-1\"><h2 class=\"\" style=\"--fontsize: 32; line-height: 1.03;\" data-fontsize=\"32\" data-lineheight=\"32.96px\"><\/h2>\n<h2 class=\"\" style=\"text-align: center; --fontsize: 32; line-height: 1.03;\" data-fontsize=\"32\" data-lineheight=\"32.96px\">Environmental Management Regulation of the Agriculture Sector<\/h2>\n<\/div><div class=\"fusion-clearfix\"><\/div><\/div><\/div><\/div><\/div><div class=\"fusion-fullwidth fullwidth-box fusion-builder-row-2 enlaces-azul nonhundred-percent-fullwidth non-hundred-percent-height-scrolling\" style=\"--awb-border-sizes-top:0px;--awb-border-sizes-bottom:0px;--awb-border-sizes-left:0px;--awb-border-sizes-right:0px;--awb-border-color:#dddddd;--awb-border-radius-top-left:0px;--awb-border-radius-top-right:0px;--awb-border-radius-bottom-right:0px;--awb-border-radius-bottom-left:0px;--awb-padding-top:55px;--awb-padding-bottom:35px;--awb-flex-wrap:wrap;\" ><div class=\"fusion-builder-row fusion-row\"><div class=\"fusion-layout-column fusion_builder_column fusion-builder-column-1 fusion_builder_column_1_2 1_2 fusion-one-half fusion-column-first\" style=\"--awb-bg-blend:overlay;--awb-bg-size:cover;width:50%;width:calc(50% - ( ( 4% ) * 0.5 ) );margin-right: 4%;\"><div class=\"fusion-column-wrapper fusion-flex-column-wrapper-legacy\"><div class=\"fusion-text fusion-text-2\"><div class=\"fusion-layout-column fusion_builder_column fusion-builder-column-9 fusion_builder_column_1_1 1_1 fusion-one-full fusion-column-first fusion-column-last\">\n<div class=\"fusion-column-wrapper fusion-flex-column-wrapper-legacy\"><\/div>\n<\/div>\n<div class=\"fusion-layout-column fusion_builder_column fusion-builder-column-10 fusion_builder_column_1_2 1_2 fusion-one-half fusion-column-first\">\n<div class=\"fusion-column-wrapper fusion-flex-column-wrapper-legacy\">\n<div class=\"fusion-text fusion-text-6\">\n<div class=\"fusion-layout-column fusion_builder_column fusion-builder-column-12 fusion_builder_column_1_1 1_1 fusion-one-full fusion-column-first fusion-column-last\">\n<div class=\"fusion-column-wrapper fusion-flex-column-wrapper-legacy\">\n<div class=\"fusion-text fusion-text-8\">\n<p>The Submitters allege that Peru has not effectively enforced the Second Complementary Transitory Provision of the Environmental Management Regulation of the Agriculture Sector approved by Supreme Decree No.019-2012-AG.<\/p>\n<\/div>\n<\/div>\n<\/div>\n<div class=\"fusion-layout-column fusion_builder_column fusion-builder-column-13 fusion_builder_column_1_2 1_2 fusion-one-half fusion-column-first\">\n<div class=\"fusion-column-wrapper fusion-flex-column-wrapper-legacy\">\n<div class=\"fusion-text fusion-text-9\"><\/div>\n<\/div>\n<\/div>\n<\/div>\n<\/div>\n<\/div>\n<div class=\"fusion-layout-column fusion_builder_column fusion-builder-column-11 fusion_builder_column_1_2 1_2 fusion-one-half fusion-column-last\">\n<div class=\"fusion-column-wrapper fusion-flex-column-wrapper-legacy\">\n<div class=\"fusion-text fusion-text-7\"><\/div>\n<\/div>\n<\/div>\n<\/div><div class=\"fusion-clearfix\"><\/div><\/div><\/div><div class=\"fusion-layout-column fusion_builder_column fusion-builder-column-2 fusion_builder_column_1_2 1_2 fusion-one-half fusion-column-last\" style=\"--awb-bg-blend:overlay;--awb-bg-size:cover;width:50%;width:calc(50% - ( ( 4% ) * 0.5 ) );\"><div class=\"fusion-column-wrapper fusion-flex-column-wrapper-legacy\"><div class=\"fusion-text fusion-text-3\"><p><strong>State:<\/strong> Open<br \/>\n<strong>Party:<\/strong> Peru<br \/>\n<strong>Submitters:<\/strong> [Confidential information] and Derecho, Ambiente y Recursos Naturales (DAR)<\/p>\n<p><strong>Last update:<\/strong> April 5, 2023<\/p>\n<\/div><div class=\"fusion-text fusion-text-4\"><p><a href=\"https:\/\/www.sacaseem.org\/wp-content\/uploads\/2023\/01\/SACA-reglamento-ambiental-agrario_ENG-08.12.22_Censurado.pdf\" target=\"_blank\" rel=\"noopener noreferrer\">Submission SACA-SEEM\/PE\/001\/2022<\/a><br \/>\nAuthor: Submitters<br \/>\nDate: November 27, 2022<\/p>\n<p><a href=\"https:\/\/www.sacaseem.org\/wp-content\/uploads\/2023\/01\/acuse-de-recibo-28.11.22_ENG-vf-09.12.22.pdf\">Acknowledgment receipt<\/a><br \/>\nAuthor: Secretariat<br \/>\nDate: November 28, 2022<\/p>\n<p><a href=\"https:\/\/www.sacaseem.org\/wp-content\/uploads\/2023\/01\/Determinacion-18.8-1-y-2-SACA-SEEMPE0012022D1-Reglamento-de-Gestion-Ambiental-Agraria-vf_ENG-21.12.22-1.pdf\">Determination SACA-SEEM\/PE\/001\/2022\/D1<\/a><br \/>\n<span style=\"background-color: var(--awb-bg-color); color: var(--awb-text-color); font-family: var(--awb-text-font-family); font-size: var(--awb-font-size); font-style: var(--awb-text-font-style); font-weight: var(--awb-text-font-weight); letter-spacing: var(--awb-letter-spacing); text-align: var(--awb-content-alignment); text-transform: var(--awb-text-transform);\">Author: Secretariat<\/span><br \/>\nDate: December 21, 2022<\/p>\n<p><a href=\"https:\/\/www.sacaseem.org\/wp-content\/uploads\/2023\/03\/adhesion-DAR-22.03.23.pdf\">Adhesion to the Submission<\/a><br \/>\nAuthor: new Submitters (DAR)<br \/>\nDate: March 22, 2023<\/p>\n<p><a href=\"https:\/\/www.sacaseem.org\/wp-content\/uploads\/2023\/04\/comunicacion-sobre-confidencialidad-english.pdf\">Communication to Submitters<\/a><br \/>\nAuthor: Secretariat<br \/>\nDate: April 4, 2023<\/p>\n<\/div><div class=\"fusion-clearfix\"><\/div><\/div><\/div><\/div><\/div><div class=\"fusion-fullwidth fullwidth-box fusion-builder-row-3 nonhundred-percent-fullwidth non-hundred-percent-height-scrolling\" style=\"--awb-border-radius-top-left:0px;--awb-border-radius-top-right:0px;--awb-border-radius-bottom-right:0px;--awb-border-radius-bottom-left:0px;--awb-flex-wrap:wrap;\" ><div class=\"fusion-builder-row fusion-row\"><div class=\"fusion-layout-column fusion_builder_column fusion-builder-column-3 fusion_builder_column_1_1 1_1 fusion-one-full fusion-column-first fusion-column-last\" style=\"--awb-bg-blend:overlay;--awb-bg-size:cover;\"><div class=\"fusion-column-wrapper fusion-flex-column-wrapper-legacy\"><div class=\"fusion-sep-clear\"><\/div><div class=\"fusion-separator fusion-full-width-sep\" style=\"margin-left: auto;margin-right: auto;margin-top:10px;margin-bottom:10px;width:100%;\"><div class=\"fusion-separator-border sep-single sep-solid\" style=\"--awb-height:20px;--awb-amount:20px;--awb-sep-color:#282724;border-color:#282724;border-top-width:2px;\"><\/div><\/div><div class=\"fusion-sep-clear\"><\/div><div class=\"fusion-clearfix\"><\/div><\/div><\/div><\/div><\/div><\/p>\n","protected":false},"excerpt":{"rendered":"","protected":false},"author":1909,"featured_media":0,"parent":0,"menu_order":0,"comment_status":"closed","ping_status":"closed","template":"100-width.php","meta":{"_acf_changed":false,"footnotes":""},"class_list":["post-3705","page","type-page","status-publish","hentry"],"acf":[],"yoast_head":"<!-- This site is optimized with the Yoast SEO plugin v27.6 - https:\/\/yoast.com\/product\/yoast-seo-wordpress\/ -->\n<title>Environmental Management Regulation of the Agriculture Sector - Saca Seem<\/title>\n<meta name=\"robots\" content=\"index, follow, max-snippet:-1, max-image-preview:large, max-video-preview:-1\" \/>\n<link rel=\"canonical\" href=\"https:\/\/www.sacaseem.org\/en\/environmental-management-regulation-of-the-agriculture-sector-2\/\" \/>\n<meta property=\"og:locale\" content=\"en_US\" \/>\n<meta property=\"og:type\" content=\"article\" \/>\n<meta property=\"og:title\" content=\"Environmental Management Regulation of the Agriculture Sector - Saca Seem\" \/>\n<meta property=\"og:url\" content=\"https:\/\/www.sacaseem.org\/en\/environmental-management-regulation-of-the-agriculture-sector-2\/\" \/>\n<meta property=\"og:site_name\" content=\"Saca Seem\" \/>\n<meta property=\"article:modified_time\" content=\"2023-04-05T18:43:14+00:00\" \/>\n<meta name=\"twitter:card\" content=\"summary_large_image\" \/>\n<meta name=\"twitter:label1\" content=\"Est. reading time\" \/>\n\t<meta name=\"twitter:data1\" content=\"2 minutes\" \/>\n<script type=\"application\/ld+json\" class=\"yoast-schema-graph\">{\"@context\":\"https:\\\/\\\/schema.org\",\"@graph\":[{\"@type\":\"WebPage\",\"@id\":\"https:\\\/\\\/www.sacaseem.org\\\/en\\\/environmental-management-regulation-of-the-agriculture-sector-2\\\/\",\"url\":\"https:\\\/\\\/www.sacaseem.org\\\/en\\\/environmental-management-regulation-of-the-agriculture-sector-2\\\/\",\"name\":\"Environmental Management Regulation of the Agriculture Sector - Saca Seem\",\"isPartOf\":{\"@id\":\"https:\\\/\\\/www.sacaseem.org\\\/#website\"},\"datePublished\":\"2023-01-19T01:49:49+00:00\",\"dateModified\":\"2023-04-05T18:43:14+00:00\",\"breadcrumb\":{\"@id\":\"https:\\\/\\\/www.sacaseem.org\\\/en\\\/environmental-management-regulation-of-the-agriculture-sector-2\\\/#breadcrumb\"},\"inLanguage\":\"en-US\",\"potentialAction\":[{\"@type\":\"ReadAction\",\"target\":[\"https:\\\/\\\/www.sacaseem.org\\\/en\\\/environmental-management-regulation-of-the-agriculture-sector-2\\\/\"]}]},{\"@type\":\"BreadcrumbList\",\"@id\":\"https:\\\/\\\/www.sacaseem.org\\\/en\\\/environmental-management-regulation-of-the-agriculture-sector-2\\\/#breadcrumb\",\"itemListElement\":[{\"@type\":\"ListItem\",\"position\":1,\"name\":\"Portada\",\"item\":\"https:\\\/\\\/www.sacaseem.org\\\/\"},{\"@type\":\"ListItem\",\"position\":2,\"name\":\"Environmental Management Regulation of the Agriculture Sector\"}]},{\"@type\":\"WebSite\",\"@id\":\"https:\\\/\\\/www.sacaseem.org\\\/#website\",\"url\":\"https:\\\/\\\/www.sacaseem.org\\\/\",\"name\":\"Saca Seem\",\"description\":\"Secretar\u00eda para las Solicitudes sobre Asuntos de Cumplimiento Ambiental del Acuerdo de Promoci\u00f3n Comercial Per\u00fa - Estados Unidos.\",\"potentialAction\":[{\"@type\":\"SearchAction\",\"target\":{\"@type\":\"EntryPoint\",\"urlTemplate\":\"https:\\\/\\\/www.sacaseem.org\\\/?s={search_term_string}\"},\"query-input\":{\"@type\":\"PropertyValueSpecification\",\"valueRequired\":true,\"valueName\":\"search_term_string\"}}],\"inLanguage\":\"en-US\"}]}<\/script>\n<!-- \/ Yoast SEO plugin. -->","yoast_head_json":{"title":"Environmental Management Regulation of the Agriculture Sector - Saca Seem","robots":{"index":"index","follow":"follow","max-snippet":"max-snippet:-1","max-image-preview":"max-image-preview:large","max-video-preview":"max-video-preview:-1"},"canonical":"https:\/\/www.sacaseem.org\/en\/environmental-management-regulation-of-the-agriculture-sector-2\/","og_locale":"en_US","og_type":"article","og_title":"Environmental Management Regulation of the Agriculture Sector - Saca Seem","og_url":"https:\/\/www.sacaseem.org\/en\/environmental-management-regulation-of-the-agriculture-sector-2\/","og_site_name":"Saca Seem","article_modified_time":"2023-04-05T18:43:14+00:00","twitter_card":"summary_large_image","twitter_misc":{"Est. reading time":"2 minutes"},"schema":{"@context":"https:\/\/schema.org","@graph":[{"@type":"WebPage","@id":"https:\/\/www.sacaseem.org\/en\/environmental-management-regulation-of-the-agriculture-sector-2\/","url":"https:\/\/www.sacaseem.org\/en\/environmental-management-regulation-of-the-agriculture-sector-2\/","name":"Environmental Management Regulation of the Agriculture Sector - Saca Seem","isPartOf":{"@id":"https:\/\/www.sacaseem.org\/#website"},"datePublished":"2023-01-19T01:49:49+00:00","dateModified":"2023-04-05T18:43:14+00:00","breadcrumb":{"@id":"https:\/\/www.sacaseem.org\/en\/environmental-management-regulation-of-the-agriculture-sector-2\/#breadcrumb"},"inLanguage":"en-US","potentialAction":[{"@type":"ReadAction","target":["https:\/\/www.sacaseem.org\/en\/environmental-management-regulation-of-the-agriculture-sector-2\/"]}]},{"@type":"BreadcrumbList","@id":"https:\/\/www.sacaseem.org\/en\/environmental-management-regulation-of-the-agriculture-sector-2\/#breadcrumb","itemListElement":[{"@type":"ListItem","position":1,"name":"Portada","item":"https:\/\/www.sacaseem.org\/"},{"@type":"ListItem","position":2,"name":"Environmental Management Regulation of the Agriculture Sector"}]},{"@type":"WebSite","@id":"https:\/\/www.sacaseem.org\/#website","url":"https:\/\/www.sacaseem.org\/","name":"Saca Seem","description":"Secretar\u00eda para las Solicitudes sobre Asuntos de Cumplimiento Ambiental del Acuerdo de Promoci\u00f3n Comercial Per\u00fa - Estados Unidos.","potentialAction":[{"@type":"SearchAction","target":{"@type":"EntryPoint","urlTemplate":"https:\/\/www.sacaseem.org\/?s={search_term_string}"},"query-input":{"@type":"PropertyValueSpecification","valueRequired":true,"valueName":"search_term_string"}}],"inLanguage":"en-US"}]}},"jetpack_sharing_enabled":true,"_links":{"self":[{"href":"https:\/\/www.sacaseem.org\/en\/wp-json\/wp\/v2\/pages\/3705","targetHints":{"allow":["GET"]}}],"collection":[{"href":"https:\/\/www.sacaseem.org\/en\/wp-json\/wp\/v2\/pages"}],"about":[{"href":"https:\/\/www.sacaseem.org\/en\/wp-json\/wp\/v2\/types\/page"}],"author":[{"embeddable":true,"href":"https:\/\/www.sacaseem.org\/en\/wp-json\/wp\/v2\/users\/1909"}],"replies":[{"embeddable":true,"href":"https:\/\/www.sacaseem.org\/en\/wp-json\/wp\/v2\/comments?post=3705"}],"version-history":[{"count":41,"href":"https:\/\/www.sacaseem.org\/en\/wp-json\/wp\/v2\/pages\/3705\/revisions"}],"predecessor-version":[{"id":4015,"href":"https:\/\/www.sacaseem.org\/en\/wp-json\/wp\/v2\/pages\/3705\/revisions\/4015"}],"wp:attachment":[{"href":"https:\/\/www.sacaseem.org\/en\/wp-json\/wp\/v2\/media?parent=3705"}],"curies":[{"name":"wp","href":"https:\/\/api.w.org\/{rel}","templated":true}]}}