{"id":2124,"date":"2019-03-29T20:45:32","date_gmt":"2019-03-29T20:45:32","guid":{"rendered":"https:\/\/www.saca-seem.org\/?page_id=2124"},"modified":"2019-03-29T20:45:32","modified_gmt":"2019-03-29T20:45:32","slug":"ramsar-details","status":"publish","type":"page","link":"https:\/\/www.sacaseem.org\/en\/ramsar-details\/","title":{"rendered":"Ramsar-details"},"content":{"rendered":"<p><div class=\"fusion-fullwidth fullwidth-box fusion-builder-row-1 nonhundred-percent-fullwidth non-hundred-percent-height-scrolling\" style=\"--awb-border-radius-top-left:0px;--awb-border-radius-top-right:0px;--awb-border-radius-bottom-right:0px;--awb-border-radius-bottom-left:0px;--awb-padding-top:40px;--awb-padding-bottom:30px;--awb-flex-wrap:wrap;\" ><div class=\"fusion-builder-row fusion-row\"><div class=\"fusion-layout-column fusion_builder_column fusion-builder-column-0 fusion_builder_column_1_1 1_1 fusion-one-full fusion-column-first fusion-column-last\" style=\"--awb-bg-size:cover;\"><div class=\"fusion-column-wrapper fusion-flex-column-wrapper-legacy\"><div class=\"fusion-text fusion-text-1\"><h2 style=\"text-align: center;\"><strong><span style=\"color: #273b7b;\">Ramsar<\/span><\/strong><\/h2>\n<\/div><div class=\"fusion-clearfix\"><\/div><\/div><\/div><\/div><\/div><div class=\"fusion-fullwidth fullwidth-box fusion-builder-row-2 enlaces-azul nonhundred-percent-fullwidth non-hundred-percent-height-scrolling\" style=\"--awb-border-color:#dddddd;--awb-border-radius-top-left:0px;--awb-border-radius-top-right:0px;--awb-border-radius-bottom-right:0px;--awb-border-radius-bottom-left:0px;--awb-padding-top:55px;--awb-padding-bottom:35px;--awb-border-sizes-top:0px;--awb-border-sizes-bottom:0px;--awb-flex-wrap:wrap;\" ><div class=\"fusion-builder-row fusion-row\"><div class=\"fusion-layout-column fusion_builder_column fusion-builder-column-1 fusion_builder_column_1_2 1_2 fusion-one-half fusion-column-first\" style=\"--awb-bg-size:cover;width:50%;width:calc(50% - ( ( 4% ) * 0.5 ) );margin-right: 4%;\"><div class=\"fusion-column-wrapper fusion-flex-column-wrapper-legacy\"><div class=\"fusion-text fusion-text-2\"><p>The Submitter alleges that Peru has not effectively enforced the \u201cConvention on Wetlands of International Importance, Especially as Waterfowl Habitat,\u201d also known as the Ramsar Convention. The Submitter considers that \u201cthe Peruvian State has established measures that attempt against said multilateral treaty.\u201d<\/p>\n<\/div><div class=\"fusion-clearfix\"><\/div><\/div><\/div><div class=\"fusion-layout-column fusion_builder_column fusion-builder-column-2 fusion_builder_column_1_2 1_2 fusion-one-half fusion-column-last\" style=\"--awb-bg-size:cover;width:50%;width:calc(50% - ( ( 4% ) * 0.5 ) );\"><div class=\"fusion-column-wrapper fusion-flex-column-wrapper-legacy\"><div class=\"fusion-text fusion-text-3\"><p><strong>Date:<\/strong> July 5, 2018<br \/>\n<strong>State:<\/strong>\u00a0Closed<br \/>\n<strong>Party:<\/strong> Peru<br \/>\n<strong>Submitter:<\/strong> Comit\u00e9 Interinstitucional por la Conservaci\u00f3n y el Turismo Laguna Alto Per\u00fa y Anexos &#8211; Cuenca Jequetepeque.<br \/>\n<strong>Last update:<\/strong> January 11, 2019<\/p>\n<\/div><div class=\"fusion-text fusion-text-4\"><p><a href=\"https:\/\/www.sacaseem.org\/wp-content\/uploads\/2019\/03\/Solicitud-RAMSAR-Peru-1.pdf\">Submission<\/a><br \/>\nAuthor: Submitter<br \/>\nDate: July 9, 2018<\/p>\n<p><a href=\"https:\/\/www.sacaseem.org\/wp-content\/uploads\/2019\/03\/Carta-acuse-de-recibo-SACA-SEEMPE0012018.pdf\">Acknowledgment of receipt<\/a><br \/>\nAuthor: Secretariat<br \/>\nFecha: July 9, 2018<\/p>\n<p><a href=\"https:\/\/www.sacaseem.org\/wp-content\/uploads\/2019\/03\/Determinaci\u00f3n-18.8-1-y-2-Solicitud-RAMSAR-web-1.pdf\">Determination SACA-SEEM\/PE\/002\/2018\/D1<\/a><br \/>\nAuthor: Secretariat<br \/>\nDate: December 28, 2018<\/p>\n<p>Timeline<\/p>\n<\/div><div class=\"fusion-clearfix\"><\/div><\/div><\/div><\/div><\/div><div class=\"fusion-fullwidth fullwidth-box fusion-builder-row-3 nonhundred-percent-fullwidth non-hundred-percent-height-scrolling\" style=\"--awb-border-radius-top-left:0px;--awb-border-radius-top-right:0px;--awb-border-radius-bottom-right:0px;--awb-border-radius-bottom-left:0px;--awb-flex-wrap:wrap;\" ><div class=\"fusion-builder-row fusion-row\"><div class=\"fusion-layout-column fusion_builder_column fusion-builder-column-3 fusion_builder_column_1_1 1_1 fusion-one-full fusion-column-first fusion-column-last\" style=\"--awb-bg-size:cover;\"><div class=\"fusion-column-wrapper fusion-flex-column-wrapper-legacy\"><div class=\"fusion-sep-clear\"><\/div><div class=\"fusion-separator fusion-full-width-sep\" style=\"margin-left: auto;margin-right: auto;margin-top:10px;margin-bottom:10px;width:100%;\"><div class=\"fusion-separator-border sep-single sep-solid\" style=\"--awb-height:20px;--awb-amount:20px;--awb-sep-color:#282724;border-color:#282724;border-top-width:2px;\"><\/div><\/div><div class=\"fusion-sep-clear\"><\/div><div class=\"fusion-clearfix\"><\/div><\/div><\/div><\/div><\/div><\/p>\n","protected":false},"excerpt":{"rendered":"","protected":false},"author":1,"featured_media":0,"parent":0,"menu_order":0,"comment_status":"closed","ping_status":"closed","template":"100-width.php","meta":{"_acf_changed":false,"footnotes":""},"class_list":["post-2124","page","type-page","status-publish","hentry"],"acf":[],"yoast_head":"<!-- This site is optimized with the Yoast SEO plugin v27.6 - https:\/\/yoast.com\/product\/yoast-seo-wordpress\/ -->\n<title>Ramsar-details - Saca Seem<\/title>\n<meta name=\"robots\" content=\"index, follow, max-snippet:-1, max-image-preview:large, max-video-preview:-1\" \/>\n<link rel=\"canonical\" href=\"https:\/\/www.sacaseem.org\/en\/ramsar-details\/\" \/>\n<meta property=\"og:locale\" content=\"en_US\" \/>\n<meta property=\"og:type\" content=\"article\" \/>\n<meta property=\"og:title\" content=\"Ramsar-details - Saca Seem\" \/>\n<meta property=\"og:url\" content=\"https:\/\/www.sacaseem.org\/en\/ramsar-details\/\" \/>\n<meta property=\"og:site_name\" content=\"Saca Seem\" \/>\n<meta name=\"twitter:card\" content=\"summary_large_image\" \/>\n<meta name=\"twitter:label1\" content=\"Est. reading time\" \/>\n\t<meta name=\"twitter:data1\" content=\"4 minutes\" \/>\n<script type=\"application\/ld+json\" class=\"yoast-schema-graph\">{\"@context\":\"https:\\\/\\\/schema.org\",\"@graph\":[{\"@type\":\"WebPage\",\"@id\":\"https:\\\/\\\/www.sacaseem.org\\\/en\\\/ramsar-details\\\/\",\"url\":\"https:\\\/\\\/www.sacaseem.org\\\/en\\\/ramsar-details\\\/\",\"name\":\"Ramsar-details - Saca Seem\",\"isPartOf\":{\"@id\":\"https:\\\/\\\/www.sacaseem.org\\\/#website\"},\"datePublished\":\"2019-03-29T20:45:32+00:00\",\"breadcrumb\":{\"@id\":\"https:\\\/\\\/www.sacaseem.org\\\/en\\\/ramsar-details\\\/#breadcrumb\"},\"inLanguage\":\"en-US\",\"potentialAction\":[{\"@type\":\"ReadAction\",\"target\":[\"https:\\\/\\\/www.sacaseem.org\\\/en\\\/ramsar-details\\\/\"]}]},{\"@type\":\"BreadcrumbList\",\"@id\":\"https:\\\/\\\/www.sacaseem.org\\\/en\\\/ramsar-details\\\/#breadcrumb\",\"itemListElement\":[{\"@type\":\"ListItem\",\"position\":1,\"name\":\"Portada\",\"item\":\"https:\\\/\\\/www.sacaseem.org\\\/\"},{\"@type\":\"ListItem\",\"position\":2,\"name\":\"Ramsar-details\"}]},{\"@type\":\"WebSite\",\"@id\":\"https:\\\/\\\/www.sacaseem.org\\\/#website\",\"url\":\"https:\\\/\\\/www.sacaseem.org\\\/\",\"name\":\"Saca Seem\",\"description\":\"Secretar\u00eda para las Solicitudes sobre Asuntos de Cumplimiento Ambiental del Acuerdo de Promoci\u00f3n Comercial Per\u00fa - Estados Unidos.\",\"potentialAction\":[{\"@type\":\"SearchAction\",\"target\":{\"@type\":\"EntryPoint\",\"urlTemplate\":\"https:\\\/\\\/www.sacaseem.org\\\/?s={search_term_string}\"},\"query-input\":{\"@type\":\"PropertyValueSpecification\",\"valueRequired\":true,\"valueName\":\"search_term_string\"}}],\"inLanguage\":\"en-US\"}]}<\/script>\n<!-- \/ Yoast SEO plugin. -->","yoast_head_json":{"title":"Ramsar-details - Saca Seem","robots":{"index":"index","follow":"follow","max-snippet":"max-snippet:-1","max-image-preview":"max-image-preview:large","max-video-preview":"max-video-preview:-1"},"canonical":"https:\/\/www.sacaseem.org\/en\/ramsar-details\/","og_locale":"en_US","og_type":"article","og_title":"Ramsar-details - Saca Seem","og_url":"https:\/\/www.sacaseem.org\/en\/ramsar-details\/","og_site_name":"Saca Seem","twitter_card":"summary_large_image","twitter_misc":{"Est. reading time":"4 minutes"},"schema":{"@context":"https:\/\/schema.org","@graph":[{"@type":"WebPage","@id":"https:\/\/www.sacaseem.org\/en\/ramsar-details\/","url":"https:\/\/www.sacaseem.org\/en\/ramsar-details\/","name":"Ramsar-details - Saca Seem","isPartOf":{"@id":"https:\/\/www.sacaseem.org\/#website"},"datePublished":"2019-03-29T20:45:32+00:00","breadcrumb":{"@id":"https:\/\/www.sacaseem.org\/en\/ramsar-details\/#breadcrumb"},"inLanguage":"en-US","potentialAction":[{"@type":"ReadAction","target":["https:\/\/www.sacaseem.org\/en\/ramsar-details\/"]}]},{"@type":"BreadcrumbList","@id":"https:\/\/www.sacaseem.org\/en\/ramsar-details\/#breadcrumb","itemListElement":[{"@type":"ListItem","position":1,"name":"Portada","item":"https:\/\/www.sacaseem.org\/"},{"@type":"ListItem","position":2,"name":"Ramsar-details"}]},{"@type":"WebSite","@id":"https:\/\/www.sacaseem.org\/#website","url":"https:\/\/www.sacaseem.org\/","name":"Saca Seem","description":"Secretar\u00eda para las Solicitudes sobre Asuntos de Cumplimiento Ambiental del Acuerdo de Promoci\u00f3n Comercial Per\u00fa - Estados Unidos.","potentialAction":[{"@type":"SearchAction","target":{"@type":"EntryPoint","urlTemplate":"https:\/\/www.sacaseem.org\/?s={search_term_string}"},"query-input":{"@type":"PropertyValueSpecification","valueRequired":true,"valueName":"search_term_string"}}],"inLanguage":"en-US"}]}},"jetpack_sharing_enabled":true,"_links":{"self":[{"href":"https:\/\/www.sacaseem.org\/en\/wp-json\/wp\/v2\/pages\/2124","targetHints":{"allow":["GET"]}}],"collection":[{"href":"https:\/\/www.sacaseem.org\/en\/wp-json\/wp\/v2\/pages"}],"about":[{"href":"https:\/\/www.sacaseem.org\/en\/wp-json\/wp\/v2\/types\/page"}],"author":[{"embeddable":true,"href":"https:\/\/www.sacaseem.org\/en\/wp-json\/wp\/v2\/users\/1"}],"replies":[{"embeddable":true,"href":"https:\/\/www.sacaseem.org\/en\/wp-json\/wp\/v2\/comments?post=2124"}],"version-history":[{"count":1,"href":"https:\/\/www.sacaseem.org\/en\/wp-json\/wp\/v2\/pages\/2124\/revisions"}],"predecessor-version":[{"id":2129,"href":"https:\/\/www.sacaseem.org\/en\/wp-json\/wp\/v2\/pages\/2124\/revisions\/2129"}],"wp:attachment":[{"href":"https:\/\/www.sacaseem.org\/en\/wp-json\/wp\/v2\/media?parent=2124"}],"curies":[{"name":"wp","href":"https:\/\/api.w.org\/{rel}","templated":true}]}}