{"id":2113,"date":"2019-03-28T15:23:05","date_gmt":"2019-03-28T15:23:05","guid":{"rendered":"https:\/\/www.saca-seem.org\/?page_id=2113"},"modified":"2020-09-09T12:17:04","modified_gmt":"2020-09-09T12:17:04","slug":"fenamad-details","status":"publish","type":"page","link":"https:\/\/www.sacaseem.org\/en\/fenamad-details\/","title":{"rendered":"Fenamad-details"},"content":{"rendered":"<p><div class=\"fusion-fullwidth fullwidth-box fusion-builder-row-1 nonhundred-percent-fullwidth non-hundred-percent-height-scrolling\" style=\"--awb-border-radius-top-left:0px;--awb-border-radius-top-right:0px;--awb-border-radius-bottom-right:0px;--awb-border-radius-bottom-left:0px;--awb-padding-top:40px;--awb-padding-bottom:30px;--awb-flex-wrap:wrap;\" ><div class=\"fusion-builder-row fusion-row\"><div class=\"fusion-layout-column fusion_builder_column fusion-builder-column-0 fusion_builder_column_1_1 1_1 fusion-one-full fusion-column-first fusion-column-last\" style=\"--awb-bg-size:cover;\"><div class=\"fusion-column-wrapper fusion-flex-column-wrapper-legacy\"><div class=\"fusion-text fusion-text-1\"><h2 style=\"text-align: center;\"><strong><span style=\"color: #273b7b;\">Law 30723 &#8211; Roads in border areas<\/span><\/strong><\/h2>\n<\/div><div class=\"fusion-clearfix\"><\/div><\/div><\/div><\/div><\/div><div class=\"fusion-fullwidth fullwidth-box fusion-builder-row-2 enlaces-azul nonhundred-percent-fullwidth non-hundred-percent-height-scrolling\" style=\"--awb-border-color:#dddddd;--awb-border-radius-top-left:0px;--awb-border-radius-top-right:0px;--awb-border-radius-bottom-right:0px;--awb-border-radius-bottom-left:0px;--awb-padding-top:55px;--awb-padding-bottom:35px;--awb-border-sizes-top:0px;--awb-border-sizes-bottom:0px;--awb-flex-wrap:wrap;\" ><div class=\"fusion-builder-row fusion-row\"><div class=\"fusion-layout-column fusion_builder_column fusion-builder-column-1 fusion_builder_column_1_2 1_2 fusion-one-half fusion-column-first\" style=\"--awb-bg-size:cover;width:50%;width:calc(50% - ( ( 4% ) * 0.5 ) );margin-right: 4%;\"><div class=\"fusion-column-wrapper fusion-flex-column-wrapper-legacy\"><div class=\"fusion-text fusion-text-2\"><p>The Submitter alleges that Peru has not effectively enforced its environmental laws in the process of drafting, deliberation, approval and enactment of Law 30723, \u201cLaw that declares priority and national interest in the construction of roads in border areas and maintenance of truck paths in the Ucayali department &#8220;.<\/p>\n<\/div><div class=\"fusion-button-wrapper\"><a class=\"fusion-button button-3d button-medium button-custom fusion-button-default button-1 fusion-button-default-span fusion-has-button-gradient\" style=\"--button_bevel_color:#ffffff;--button_accent_color:#ffffff;--button_border_color:#ffffff;--button_accent_hover_color:#ffffff;--button_border_hover_color:#ffffff;--button_border_width-top:1px;--button_border_width-right:1px;--button_border_width-bottom:1px;--button_border_width-left:1px;--button-border-radius-top-left:1px;--button-border-radius-top-right:1px;--button-border-radius-bottom-right:1px;--button-border-radius-bottom-left:1px;--button_gradient_top_color:#cf0a2c;--button_gradient_bottom_color:#c4092c;--button_gradient_top_color_hover:var(--awb-color7);--button_gradient_bottom_color_hover:#ffffff;\" target=\"_self\" href=\"https:\/\/www.sacaseem.org\/wp-content\/uploads\/2020\/09\/Factual-Record-Boarder-roads-web.pdf\"><i class=\"fa-book-open fas button-icon-left\" aria-hidden=\"true\"><\/i><span class=\"fusion-button-text\">Factual Record<\/span><\/a><\/div><div class=\"fusion-clearfix\"><\/div><\/div><\/div><div class=\"fusion-layout-column fusion_builder_column fusion-builder-column-2 fusion_builder_column_1_2 1_2 fusion-one-half fusion-column-last\" style=\"--awb-bg-size:cover;width:50%;width:calc(50% - ( ( 4% ) * 0.5 ) );\"><div class=\"fusion-column-wrapper fusion-flex-column-wrapper-legacy\"><div class=\"fusion-text fusion-text-3\"><p><strong>Date:<\/strong> July 9, 2018<br \/>\n<strong>State:<\/strong> Open<br \/>\n<strong>Party:<\/strong> Peru<br \/>\n<strong>Submitter:<\/strong> Native Federation of the Madre de Dios River and Tributaries \u2013 FENAMAD<br \/>\n<strong>Last update:<\/strong> June 20, 2019<\/p>\n<\/div><div class=\"fusion-text fusion-text-4\"><p><a href=\"https:\/\/www.sacaseem.org\/wp-content\/uploads\/2019\/01\/Solicitud-fenamad.pdf\">Submission<\/a><br \/>\nAuthor: Submitter<br \/>\nDate: July 9, 2018<\/p>\n<p><a href=\"https:\/\/www.sacaseem.org\/wp-content\/uploads\/2019\/01\/carta-acuse-de-recibo-saca-SEEM_PE_002_2018.pdf\">Acknowledgment of receipt<\/a><br \/>\nAuthor: Secretariat<br \/>\nFecha: July 19, 2018<\/p>\n<p><a href=\"https:\/\/www.sacaseem.org\/wp-content\/uploads\/2019\/06\/Determination-SACA-SEEM_PE_002_2018_D1-web.pdf\">Determination SACA-SEEM\/PE\/002\/2018\/D1<\/a><br \/>\nAuthor: Secretariat<br \/>\nDate: December 28, 2018<\/p>\n<p><a href=\"https:\/\/www.sacaseem.org\/wp-content\/uploads\/2019\/06\/Determination-SACA-SEEM_PE_002_2018_D2-web.pdf\">Determination SACA-SEEM\/PE\/002\/2018\/D2<\/a><br \/>\nAuthor: Secretariat<br \/>\nDate: January 11, 2019<\/p>\n<p><a href=\"https:\/\/www.sacaseem.org\/wp-content\/uploads\/2019\/03\/OFICIO-N-028-2019-MINCETUR-VMCE.pdf\">Official letter 028-2019-MINCETUR-VMCE<\/a><br \/>\nAuthor: Peruvian Government<br \/>\nDate: February 5, 2019<\/p>\n<p><a href=\"https:\/\/www.sacaseem.org\/wp-content\/uploads\/2019\/03\/Carta-respuesta-VMCE-11FEB2019.pdf\">Response to Official letter 028-2019-MINCETUR-VMCE<\/a><br \/>\nAuthor: Secretariat<br \/>\nDate: February 11, 2019<\/p>\n<p><a href=\"https:\/\/www.sacaseem.org\/wp-content\/uploads\/2019\/03\/Solicitud-ampliacion-de-plazo.pdf\">Request to extend timeframe<\/a><br \/>\nAuthor: Peruvian Government<br \/>\nDate: February 22, 2019<\/p>\n<p><a href=\"https:\/\/www.sacaseem.org\/wp-content\/uploads\/2019\/03\/Ampliacion-de-plazo.pdf\">Extension of timeframe<\/a><br \/>\nAuthor: Secretariat<br \/>\nDate: February 23, 2019<\/p>\n<p><a href=\"https:\/\/www.sacaseem.org\/wp-content\/uploads\/2019\/05\/Peruvian-Government-Response-SACA-SEEMPE0022018-web.pdf\">Peruvian Government Response<\/a><br \/>\nAuthor: Peruvian Government (original in Spanish &#8211; translated by the Secretariat)<br \/>\nDate: March 12, 2019<\/p>\n<p><a href=\"https:\/\/www.sacaseem.org\/wp-content\/uploads\/2019\/05\/Article-18.9-1-Notification-SACA-SEEMPE0022018-web.pdf\">Article 18.9 (1) Notification<\/a><br \/>\nAuthor: Secretariat<br \/>\nDate: May 24, 2019<\/p>\n<p><a href=\"https:\/\/www.sacaseem.org\/wp-content\/uploads\/2019\/06\/Instruction.pdf\">Instruction to develop factual record<\/a><br \/>\nAuthor: Federal Government of the United States<br \/>\nDate: June 20, 2019<\/p>\n<p><a href=\"https:\/\/www.sacaseem.org\/wp-content\/uploads\/2020\/04\/Report-in-response-of-Peruvian-Government-document-web.pdf\">Response to the Peruvian Government document<\/a><br \/>\nAuthor: Secretariat<br \/>\nDate: April 2, 2020<\/p>\n<p><a href=\"ttps:\/\/www.sacaseem.org\/wp-content\/uploads\/2020\/09\/2020.01.9-Letter-to-instruct-publication-of-Roads-FR_Final.pdf\">Letter<\/a> and <a href=\"https:\/\/www.sacaseem.org\/wp-content\/uploads\/2020\/09\/Instruction_PublicationofRoadsFactualRecord_FINAL.pdf\">Instruction to publish Factual Record<\/a><br \/>\nAuthor: Environmental Affairs Council &#8211; U.S. Representatives<br \/>\nDate: September 8, 2020<\/p>\n<\/div><div class=\"fusion-clearfix\"><\/div><\/div><\/div><\/div><\/div><div class=\"fusion-fullwidth fullwidth-box fusion-builder-row-3 nonhundred-percent-fullwidth non-hundred-percent-height-scrolling\" style=\"--awb-border-radius-top-left:0px;--awb-border-radius-top-right:0px;--awb-border-radius-bottom-right:0px;--awb-border-radius-bottom-left:0px;--awb-flex-wrap:wrap;\" ><div class=\"fusion-builder-row fusion-row\"><div class=\"fusion-layout-column fusion_builder_column fusion-builder-column-3 fusion_builder_column_1_1 1_1 fusion-one-full fusion-column-first fusion-column-last\" style=\"--awb-bg-size:cover;\"><div class=\"fusion-column-wrapper fusion-flex-column-wrapper-legacy\"><div class=\"fusion-sep-clear\"><\/div><div class=\"fusion-separator fusion-full-width-sep\" style=\"margin-left: auto;margin-right: auto;margin-top:10px;margin-bottom:10px;width:100%;\"><div class=\"fusion-separator-border sep-single sep-solid\" style=\"--awb-height:20px;--awb-amount:20px;--awb-sep-color:#282724;border-color:#282724;border-top-width:2px;\"><\/div><\/div><div class=\"fusion-sep-clear\"><\/div><div class=\"fusion-clearfix\"><\/div><\/div><\/div><\/div><\/div><\/p>\n","protected":false},"excerpt":{"rendered":"","protected":false},"author":1,"featured_media":0,"parent":0,"menu_order":0,"comment_status":"closed","ping_status":"closed","template":"100-width.php","meta":{"_acf_changed":false,"footnotes":""},"class_list":["post-2113","page","type-page","status-publish","hentry"],"acf":[],"yoast_head":"<!-- This site is optimized with the Yoast SEO plugin v27.6 - https:\/\/yoast.com\/product\/yoast-seo-wordpress\/ -->\n<title>Fenamad-details - Saca Seem<\/title>\n<meta name=\"robots\" content=\"index, follow, max-snippet:-1, max-image-preview:large, max-video-preview:-1\" \/>\n<link rel=\"canonical\" href=\"https:\/\/www.sacaseem.org\/en\/fenamad-details\/\" \/>\n<meta property=\"og:locale\" content=\"en_US\" \/>\n<meta property=\"og:type\" content=\"article\" \/>\n<meta property=\"og:title\" content=\"Fenamad-details - Saca Seem\" \/>\n<meta property=\"og:url\" content=\"https:\/\/www.sacaseem.org\/en\/fenamad-details\/\" \/>\n<meta property=\"og:site_name\" content=\"Saca Seem\" \/>\n<meta property=\"article:modified_time\" content=\"2020-09-09T12:17:04+00:00\" \/>\n<meta name=\"twitter:card\" content=\"summary_large_image\" \/>\n<meta name=\"twitter:label1\" content=\"Est. reading time\" \/>\n\t<meta name=\"twitter:data1\" content=\"5 minutes\" \/>\n<script type=\"application\/ld+json\" class=\"yoast-schema-graph\">{\"@context\":\"https:\\\/\\\/schema.org\",\"@graph\":[{\"@type\":\"WebPage\",\"@id\":\"https:\\\/\\\/www.sacaseem.org\\\/en\\\/fenamad-details\\\/\",\"url\":\"https:\\\/\\\/www.sacaseem.org\\\/en\\\/fenamad-details\\\/\",\"name\":\"Fenamad-details - Saca Seem\",\"isPartOf\":{\"@id\":\"https:\\\/\\\/www.sacaseem.org\\\/#website\"},\"datePublished\":\"2019-03-28T15:23:05+00:00\",\"dateModified\":\"2020-09-09T12:17:04+00:00\",\"breadcrumb\":{\"@id\":\"https:\\\/\\\/www.sacaseem.org\\\/en\\\/fenamad-details\\\/#breadcrumb\"},\"inLanguage\":\"en-US\",\"potentialAction\":[{\"@type\":\"ReadAction\",\"target\":[\"https:\\\/\\\/www.sacaseem.org\\\/en\\\/fenamad-details\\\/\"]}]},{\"@type\":\"BreadcrumbList\",\"@id\":\"https:\\\/\\\/www.sacaseem.org\\\/en\\\/fenamad-details\\\/#breadcrumb\",\"itemListElement\":[{\"@type\":\"ListItem\",\"position\":1,\"name\":\"Portada\",\"item\":\"https:\\\/\\\/www.sacaseem.org\\\/\"},{\"@type\":\"ListItem\",\"position\":2,\"name\":\"Fenamad-details\"}]},{\"@type\":\"WebSite\",\"@id\":\"https:\\\/\\\/www.sacaseem.org\\\/#website\",\"url\":\"https:\\\/\\\/www.sacaseem.org\\\/\",\"name\":\"Saca Seem\",\"description\":\"Secretar\u00eda para las Solicitudes sobre Asuntos de Cumplimiento Ambiental del Acuerdo de Promoci\u00f3n Comercial Per\u00fa - Estados Unidos.\",\"potentialAction\":[{\"@type\":\"SearchAction\",\"target\":{\"@type\":\"EntryPoint\",\"urlTemplate\":\"https:\\\/\\\/www.sacaseem.org\\\/?s={search_term_string}\"},\"query-input\":{\"@type\":\"PropertyValueSpecification\",\"valueRequired\":true,\"valueName\":\"search_term_string\"}}],\"inLanguage\":\"en-US\"}]}<\/script>\n<!-- \/ Yoast SEO plugin. -->","yoast_head_json":{"title":"Fenamad-details - Saca Seem","robots":{"index":"index","follow":"follow","max-snippet":"max-snippet:-1","max-image-preview":"max-image-preview:large","max-video-preview":"max-video-preview:-1"},"canonical":"https:\/\/www.sacaseem.org\/en\/fenamad-details\/","og_locale":"en_US","og_type":"article","og_title":"Fenamad-details - Saca Seem","og_url":"https:\/\/www.sacaseem.org\/en\/fenamad-details\/","og_site_name":"Saca Seem","article_modified_time":"2020-09-09T12:17:04+00:00","twitter_card":"summary_large_image","twitter_misc":{"Est. reading time":"5 minutes"},"schema":{"@context":"https:\/\/schema.org","@graph":[{"@type":"WebPage","@id":"https:\/\/www.sacaseem.org\/en\/fenamad-details\/","url":"https:\/\/www.sacaseem.org\/en\/fenamad-details\/","name":"Fenamad-details - Saca Seem","isPartOf":{"@id":"https:\/\/www.sacaseem.org\/#website"},"datePublished":"2019-03-28T15:23:05+00:00","dateModified":"2020-09-09T12:17:04+00:00","breadcrumb":{"@id":"https:\/\/www.sacaseem.org\/en\/fenamad-details\/#breadcrumb"},"inLanguage":"en-US","potentialAction":[{"@type":"ReadAction","target":["https:\/\/www.sacaseem.org\/en\/fenamad-details\/"]}]},{"@type":"BreadcrumbList","@id":"https:\/\/www.sacaseem.org\/en\/fenamad-details\/#breadcrumb","itemListElement":[{"@type":"ListItem","position":1,"name":"Portada","item":"https:\/\/www.sacaseem.org\/"},{"@type":"ListItem","position":2,"name":"Fenamad-details"}]},{"@type":"WebSite","@id":"https:\/\/www.sacaseem.org\/#website","url":"https:\/\/www.sacaseem.org\/","name":"Saca Seem","description":"Secretar\u00eda para las Solicitudes sobre Asuntos de Cumplimiento Ambiental del Acuerdo de Promoci\u00f3n Comercial Per\u00fa - Estados Unidos.","potentialAction":[{"@type":"SearchAction","target":{"@type":"EntryPoint","urlTemplate":"https:\/\/www.sacaseem.org\/?s={search_term_string}"},"query-input":{"@type":"PropertyValueSpecification","valueRequired":true,"valueName":"search_term_string"}}],"inLanguage":"en-US"}]}},"jetpack_sharing_enabled":true,"_links":{"self":[{"href":"https:\/\/www.sacaseem.org\/en\/wp-json\/wp\/v2\/pages\/2113","targetHints":{"allow":["GET"]}}],"collection":[{"href":"https:\/\/www.sacaseem.org\/en\/wp-json\/wp\/v2\/pages"}],"about":[{"href":"https:\/\/www.sacaseem.org\/en\/wp-json\/wp\/v2\/types\/page"}],"author":[{"embeddable":true,"href":"https:\/\/www.sacaseem.org\/en\/wp-json\/wp\/v2\/users\/1"}],"replies":[{"embeddable":true,"href":"https:\/\/www.sacaseem.org\/en\/wp-json\/wp\/v2\/comments?post=2113"}],"version-history":[{"count":13,"href":"https:\/\/www.sacaseem.org\/en\/wp-json\/wp\/v2\/pages\/2113\/revisions"}],"predecessor-version":[{"id":2339,"href":"https:\/\/www.sacaseem.org\/en\/wp-json\/wp\/v2\/pages\/2113\/revisions\/2339"}],"wp:attachment":[{"href":"https:\/\/www.sacaseem.org\/en\/wp-json\/wp\/v2\/media?parent=2113"}],"curies":[{"name":"wp","href":"https:\/\/api.w.org\/{rel}","templated":true}]}}